{"id":2,"date":"2016-05-10T03:48:21","date_gmt":"2016-05-10T03:48:21","guid":{"rendered":"http:\/\/wp452m.a10-52-158-154.qa.plesk.ru\/wordpress\/?page_id=2"},"modified":"2017-02-02T11:55:28","modified_gmt":"2017-02-02T10:55:28","slug":"sample-page","status":"publish","type":"page","link":"https:\/\/www.giuseppecavalieri.de\/?page_id=2","title":{"rendered":"Meine Philosophie"},"content":{"rendered":"<p>Ich wurde 1939 in Comacchio \/ Italien geboren und lebe seid 1962 in Wolfburg.<\/p>\n<p>Das pure Kopieren von Klassikern am Anfang, l\u00f6ste schnell Unlust &#8211; sogar Abneigung aus.<\/p>\n<blockquote><p>Ich nahm diese Gef\u00fchle zum Anlass, mit der gegenst\u00e4ndlichen Malerei zu brechen.<\/p><\/blockquote>\n<p>Nach langem Experimentieren habe ich meine individuellen Transformationsm\u00f6glichkeiten der Farbelemente mit einem gewissen Ausdrucksverm\u00f6gen gefunden, wie meine Empfindung es hervorruft.<\/p>\n<p>Ich lasse mich mehr von einer aleatorischen Malweise inspierieren: <\/p>\n<blockquote><p>Dem Zufall breiten Raum geben&#8230;<\/p><\/blockquote>\n<p>durch reiben und wischen von Oberfl\u00e4chen-Strukturen, wie Formaufl\u00f6sung und Radierung von Farbfl\u00e4chen und viele weiter Techniken.<\/p>\n<p>Ich glaube tats\u00e4chlich, dass ein Bild \u00e4hnlich eines Musikst\u00fccks nur im Seelischen funktioniert, wobei die Ordnungstendenzen in mir einzig von den Wahrnehmungen &#8211; Zug- und Sto\u00dfkr\u00e4ften &#8211; gesteuert werden, w\u00e4hrend ich daran arbeite.<\/p>\n<p>Ich lasse die Malmittel zuf\u00e4llig auslaufen. So ensteht ein Beziehungsgef\u00fcge zwischen Grund und Formwelt von verschiedener Intensit\u00e4t.Mann kann den Abstraktionsgrad ausprobieren, auch selbst bestimmen. Mit meiner Technik kann ich die Farbe steigern, abdunkeln, aufhellen oder lassen, wie es der Zufall will.<\/p>\n<p>Mit Freude beobachte ich w\u00e4hrend des Malvorganges anthropommorphe Gestalten, die wie Farbfetzen oder rhythmische Fl\u00e4chenmuster schwerelos im Fluidum des Farbraumes zu bewegen scheinen und sich herauskristalisieren.<\/p>\n<blockquote><p>Meine Bilder sind meine Pers\u00f6nlichkeit.<\/p><\/blockquote>\n<p>Die Bildhauerei ist f\u00fcr ebenfalls eine wichtige Ausdrucksm\u00f6glichkeit. Meine Skulpturen sind vor allem Gesichter mit verschiedenen und symboltr\u00e4chtigen Ausdr\u00fccken. Durch die Dreidimensionalit\u00e4t der Skulptur verk\u00f6rpert, kann ich mit gro\u00dfer Eindringlichkeit menschliche Gef\u00fchle und Emotionen ausdr\u00fccken.<\/p>\n","protected":false},"excerpt":{"rendered":"<p>Ich wurde 1939 in Comacchio \/ Italien geboren und lebe seid 1962 in Wolfburg. Das pure Kopieren von Klassikern am Anfang, l\u00f6ste schnell Unlust &#8211; sogar Abneigung aus. Ich nahm diese Gef\u00fchle zum Anlass, mit der gegenst\u00e4ndlichen Malerei zu brechen. Nach langem Experimentieren habe ich meine individuellen Transformationsm\u00f6glichkeiten der Farbelemente mit einem gewissen Ausdrucksverm\u00f6gen gefunden,&hellip;<\/p>\n","protected":false},"author":1,"featured_media":0,"parent":0,"menu_order":0,"comment_status":"closed","ping_status":"open","template":"","meta":{"footnotes":""},"class_list":["post-2","page","type-page","status-publish","hentry"],"_links":{"self":[{"href":"https:\/\/www.giuseppecavalieri.de\/index.php?rest_route=\/wp\/v2\/pages\/2","targetHints":{"allow":["GET"]}}],"collection":[{"href":"https:\/\/www.giuseppecavalieri.de\/index.php?rest_route=\/wp\/v2\/pages"}],"about":[{"href":"https:\/\/www.giuseppecavalieri.de\/index.php?rest_route=\/wp\/v2\/types\/page"}],"author":[{"embeddable":true,"href":"https:\/\/www.giuseppecavalieri.de\/index.php?rest_route=\/wp\/v2\/users\/1"}],"replies":[{"embeddable":true,"href":"https:\/\/www.giuseppecavalieri.de\/index.php?rest_route=%2Fwp%2Fv2%2Fcomments&post=2"}],"version-history":[{"count":15,"href":"https:\/\/www.giuseppecavalieri.de\/index.php?rest_route=\/wp\/v2\/pages\/2\/revisions"}],"predecessor-version":[{"id":4244,"href":"https:\/\/www.giuseppecavalieri.de\/index.php?rest_route=\/wp\/v2\/pages\/2\/revisions\/4244"}],"wp:attachment":[{"href":"https:\/\/www.giuseppecavalieri.de\/index.php?rest_route=%2Fwp%2Fv2%2Fmedia&parent=2"}],"curies":[{"name":"wp","href":"https:\/\/api.w.org\/{rel}","templated":true}]}}