{"id":4259,"date":"2017-02-02T12:28:02","date_gmt":"2017-02-02T11:28:02","guid":{"rendered":"http:\/\/www.giuseppecavalieri.de\/?page_id=4259"},"modified":"2017-02-02T12:30:42","modified_gmt":"2017-02-02T11:30:42","slug":"ehrungen","status":"publish","type":"page","link":"https:\/\/www.giuseppecavalieri.de\/?page_id=4259","title":{"rendered":"Ehrungen"},"content":{"rendered":"<blockquote><p>1989<\/p><\/blockquote>\n<p>Euro-Ehrennadel in Silber &#8211; Europ\u00e4ischer Kulturkreis und Galerie Kleiner Prinz Baden-Baden<\/p>\n<blockquote><p>1986<\/p><\/blockquote>\n<p>1. Preistr\u00e4ger im Wettbewerb: &#8222;Italienische K\u00fcnstler in Niedersachsen&#8220;<\/p>\n","protected":false},"excerpt":{"rendered":"<p>1989 Euro-Ehrennadel in Silber &#8211; Europ\u00e4ischer Kulturkreis und Galerie Kleiner Prinz Baden-Baden 1986 1. Preistr\u00e4ger im Wettbewerb: &#8222;Italienische K\u00fcnstler in Niedersachsen&#8220;<\/p>\n","protected":false},"author":1,"featured_media":0,"parent":0,"menu_order":0,"comment_status":"closed","ping_status":"closed","template":"","meta":{"footnotes":""},"class_list":["post-4259","page","type-page","status-publish","hentry"],"_links":{"self":[{"href":"https:\/\/www.giuseppecavalieri.de\/index.php?rest_route=\/wp\/v2\/pages\/4259","targetHints":{"allow":["GET"]}}],"collection":[{"href":"https:\/\/www.giuseppecavalieri.de\/index.php?rest_route=\/wp\/v2\/pages"}],"about":[{"href":"https:\/\/www.giuseppecavalieri.de\/index.php?rest_route=\/wp\/v2\/types\/page"}],"author":[{"embeddable":true,"href":"https:\/\/www.giuseppecavalieri.de\/index.php?rest_route=\/wp\/v2\/users\/1"}],"replies":[{"embeddable":true,"href":"https:\/\/www.giuseppecavalieri.de\/index.php?rest_route=%2Fwp%2Fv2%2Fcomments&post=4259"}],"version-history":[{"count":3,"href":"https:\/\/www.giuseppecavalieri.de\/index.php?rest_route=\/wp\/v2\/pages\/4259\/revisions"}],"predecessor-version":[{"id":4263,"href":"https:\/\/www.giuseppecavalieri.de\/index.php?rest_route=\/wp\/v2\/pages\/4259\/revisions\/4263"}],"wp:attachment":[{"href":"https:\/\/www.giuseppecavalieri.de\/index.php?rest_route=%2Fwp%2Fv2%2Fmedia&parent=4259"}],"curies":[{"name":"wp","href":"https:\/\/api.w.org\/{rel}","templated":true}]}}