{"id":4265,"date":"2017-02-02T12:43:40","date_gmt":"2017-02-02T11:43:40","guid":{"rendered":"http:\/\/www.giuseppecavalieri.de\/?page_id=4265"},"modified":"2017-02-02T12:43:40","modified_gmt":"2017-02-02T11:43:40","slug":"willkommen-benvenuti","status":"publish","type":"page","link":"https:\/\/www.giuseppecavalieri.de\/?page_id=4265","title":{"rendered":"Willkommen &#8211; Benvenuti"},"content":{"rendered":"<p>liebe Kunstfreunde. Ich freue mich, dass Sie den Weg auf meine Homepage gefunden haben.<br \/>\nIch will versuchen Ihnen einige Einblicke in mein Wirken zu vermitteln. Ich w\u00fcnsche Ihnen viel Spa\u00df.<br \/>\nLassen Sie sich von mir in Geheimnisse und Traumwelten der Malerei entf\u00fchren.<\/p>\n<p><a href=\"http:\/\/www.giuseppecavalieri.de\/?page_id=2\">Meine Philosophie<\/a><\/p>\n<p><a href=\"http:\/\/www.giuseppecavalieri.de\/?page_id=4235\">Meine Biografie<\/a><\/p>\n<p><a href=\"http:\/\/www.giuseppecavalieri.de\/?page_id=4232\">Ausstellungen<\/a><\/p>\n<p><a href=\"http:\/\/www.giuseppecavalieri.de\/?page_id=4259\">Ehrungen<\/a><\/p>\n","protected":false},"excerpt":{"rendered":"<p>liebe Kunstfreunde. Ich freue mich, dass Sie den Weg auf meine Homepage gefunden haben. Ich will versuchen Ihnen einige Einblicke in mein Wirken zu vermitteln. Ich w\u00fcnsche Ihnen viel Spa\u00df. Lassen Sie sich von mir in Geheimnisse und Traumwelten der Malerei entf\u00fchren. Meine Philosophie Meine Biografie Ausstellungen Ehrungen<\/p>\n","protected":false},"author":1,"featured_media":0,"parent":0,"menu_order":0,"comment_status":"closed","ping_status":"closed","template":"","meta":{"footnotes":""},"class_list":["post-4265","page","type-page","status-publish","hentry"],"_links":{"self":[{"href":"https:\/\/www.giuseppecavalieri.de\/index.php?rest_route=\/wp\/v2\/pages\/4265","targetHints":{"allow":["GET"]}}],"collection":[{"href":"https:\/\/www.giuseppecavalieri.de\/index.php?rest_route=\/wp\/v2\/pages"}],"about":[{"href":"https:\/\/www.giuseppecavalieri.de\/index.php?rest_route=\/wp\/v2\/types\/page"}],"author":[{"embeddable":true,"href":"https:\/\/www.giuseppecavalieri.de\/index.php?rest_route=\/wp\/v2\/users\/1"}],"replies":[{"embeddable":true,"href":"https:\/\/www.giuseppecavalieri.de\/index.php?rest_route=%2Fwp%2Fv2%2Fcomments&post=4265"}],"version-history":[{"count":1,"href":"https:\/\/www.giuseppecavalieri.de\/index.php?rest_route=\/wp\/v2\/pages\/4265\/revisions"}],"predecessor-version":[{"id":4266,"href":"https:\/\/www.giuseppecavalieri.de\/index.php?rest_route=\/wp\/v2\/pages\/4265\/revisions\/4266"}],"wp:attachment":[{"href":"https:\/\/www.giuseppecavalieri.de\/index.php?rest_route=%2Fwp%2Fv2%2Fmedia&parent=4265"}],"curies":[{"name":"wp","href":"https:\/\/api.w.org\/{rel}","templated":true}]}}